{"id":8,"date":"2014-08-14T15:03:49","date_gmt":"2014-08-14T14:03:49","guid":{"rendered":"http:\/\/www.sosed.si\/?page_id=8"},"modified":"2019-02-02T11:31:54","modified_gmt":"2019-02-02T10:31:54","slug":"cenik","status":"publish","type":"page","link":"https:\/\/www.sosed.si\/?page_id=8","title":{"rendered":"Cenik"},"content":{"rendered":"<p><strong>1. DIAGNOSTIKA<\/strong><\/p>\n<p>Diagnostika \u00a0<strong>9,99 \u20ac\u00a0 <\/strong><\/p>\n<p><strong>\u00a0<\/strong><\/p>\n<p><strong>2. SVETOVANJE<\/strong><\/p>\n<p>Strokovno svetovanje na domu 19,99<\/p>\n<p><strong>3. POMO\u010c NA DALJAVO<\/strong><\/p>\n<p>Do 30min \u00a0<strong>19,99 \u20ac<\/strong><\/p>\n<p>30-60min<strong> \u00a029,99 \u20ac\u00a0\u00a0<\/strong><\/p>\n<p><strong>4. TRENING<\/strong><\/p>\n<p>Trening 1-na-1 \u2013 Prva ura \u00a0<strong>29,99 \u20ac\u00a0<\/strong><\/p>\n<p>Trening 1-na-1 \u2013 Naslednja ura \u00a0<strong>19,99 \u20ac<\/strong><\/p>\n<p><strong>5. PROGRAMI <\/strong><\/p>\n<p>Diagnostika in popravilo programske opreme \u00a0 <strong>19,99 \u20ac\u00a0<\/strong><\/p>\n<p>Namestitev 1 programa \u00a0 <strong>19,99 \u20ac\u00a0<\/strong><\/p>\n<p>Namestitev programskega paketa \u00a0<strong>69,99 \u20ac<\/strong><\/p>\n<p><strong>6. OMRE\u017dJA INTERNET IN TELEFON<\/strong><\/p>\n<p>Namestitev omre\u017eja (1 device ) \u00a0 <strong>19.99 \u20ac\u00a0<\/strong><\/p>\n<p>Namestitev omre\u017eja (2 devices) \u00a0<strong> 29.99 \u20ac\u00a0<\/strong><\/p>\n<p>Namestitev omre\u017eja (3-5 devices) \u00a0 <strong>49.99 \u20ac<\/strong><\/p>\n<p>Namestitev omre\u017eja (6-10 devices) \u00a0<strong> 69.99 \u20ac\u00a0<\/strong><\/p>\n<p>Za\u0161\u010dita brez\u017ei\u010dnega omre\u017eja (WIFI) \u00a0 <strong>19.99 \u20ac\u00a0<\/strong><\/p>\n<p>Povezovanje dodatnih naprav v omre\u017eje \u00a0 <strong>19.99 \u20ac<\/strong><\/p>\n<p>Popravilo omre\u017eja \u00a0<strong> 29.99,99 \u20ac\u00a0<\/strong><\/p>\n<p><strong>7. OPERACIJSKI SISTEM<\/strong><\/p>\n<p>Namestitev operacijskega sistema linux ali windows \u00a0 <strong>39.99 \u20ac\u00a0<\/strong><\/p>\n<p>Paket1: namestitev OS + Office ali open office \u00a0 <strong>49.99 \u20ac\u00a0<\/strong><\/p>\n<p>Paket2: namestitev OS + Office ali open office \u00a0 + Za\u0161\u010dita \u00a0<strong>49.99 \u20ac\u00a0<\/strong><\/p>\n<p><strong>8. ZA\u0160\u010cITA<\/strong><\/p>\n<p>Standardna za\u0161\u010dita\u00a0 <strong>39.99 \u20ac<\/strong><\/p>\n<p>Premium za\u0161\u010dita \u00a0<strong> 69,99 \u20ac<\/strong><\/p>\n<p>Diagnostika, odstranjevanje virusov <strong>59,99 \u20ac\u00a0<\/strong><\/p>\n<p>Diagnostika, odstranjevanje virusov in popravila s preventivno za\u0161\u010dito \u00a0<strong> 59,99 \u20ac\u00a0<\/strong><\/p>\n<p><strong>9. PODATKI <\/strong><\/p>\n<p>Enkratni prenos podatkov na izbrani medij (do 20 GB) \u00a0 <strong>50,99 \u20ac\u00a0<\/strong><\/p>\n<p>Trajno brisanje podatkov z diska\u00a0 <strong>49,99 \u20ac\u00a0<\/strong><\/p>\n<p>Re\u0161evanje Izgubljenih datotek \u00a0 <strong>99,99 \u20ac\u00a0<\/strong><\/p>\n<p><strong>10. OPTIMIZACIJA<\/strong><\/p>\n<p>Optimizacija \u00a0 <strong>29,99 \u20ac\u00a0<\/strong><\/p>\n<p><strong>11. STROJNA OPREMA<\/strong><\/p>\n<p>Namestitev ali popravilo strojne opreme \u00a0 <strong>39,99 \u20ac\u00a0<\/strong><\/p>\n<p>Sestavljanje namiznega ra\u010dunalnika \u00a0<strong>59,99 \u20ac\u00a0<\/strong><\/p>\n<p><strong>12. PROGRAMI <\/strong><\/p>\n<p>Diagnostika in popravilo programske opreme \u00a0\u00a0<strong>19,99 \u20ac\u00a0<\/strong><\/p>\n<p>Namestitev 1 programa \u00a0\u00a0<strong>19,99 \u20ac\u00a0<\/strong><\/p>\n<p>Namestitev programskega paketa \u00a0<strong>69,99 \u20ac<\/strong><\/p>\n<p><strong>13.\u00a0\u00a0MOBILNE NAPRAVE<\/strong><\/p>\n<p>Namestitev aplikacij 19,99\u20ac<\/p>\n<p>Posodobitev sistema\/aplikacij 29,99\u20ac<\/p>\n<p>Nastavitve elektronske po\u0161te 19,99\u20ac<\/p>\n<p><strong>14. PRIKLOP<\/strong><\/p>\n<p>priklop (1 device) \u00a0 9,99 \u20ac<\/p>\n","protected":false},"excerpt":{"rendered":"<p>1. DIAGNOSTIKA Diagnostika \u00a09,99 \u20ac\u00a0 \u00a0 2. SVETOVANJE Strokovno svetovanje na domu 19,99 3. POMO\u010c NA DALJAVO Do 30min \u00a019,99 \u20ac 30-60min \u00a029,99 \u20ac\u00a0\u00a0 4. TRENING Trening 1-na-1 \u2013 Prva ura \u00a029,99 \u20ac\u00a0 Trening 1-na-1 \u2013 Naslednja ura \u00a019,99 \u20ac&hellip; <\/p>\n","protected":false},"author":1,"featured_media":20,"parent":0,"menu_order":7,"comment_status":"closed","ping_status":"closed","template":"","meta":[],"_links":{"self":[{"href":"https:\/\/www.sosed.si\/index.php?rest_route=\/wp\/v2\/pages\/8"}],"collection":[{"href":"https:\/\/www.sosed.si\/index.php?rest_route=\/wp\/v2\/pages"}],"about":[{"href":"https:\/\/www.sosed.si\/index.php?rest_route=\/wp\/v2\/types\/page"}],"author":[{"embeddable":true,"href":"https:\/\/www.sosed.si\/index.php?rest_route=\/wp\/v2\/users\/1"}],"replies":[{"embeddable":true,"href":"https:\/\/www.sosed.si\/index.php?rest_route=%2Fwp%2Fv2%2Fcomments&post=8"}],"version-history":[{"count":4,"href":"https:\/\/www.sosed.si\/index.php?rest_route=\/wp\/v2\/pages\/8\/revisions"}],"predecessor-version":[{"id":132,"href":"https:\/\/www.sosed.si\/index.php?rest_route=\/wp\/v2\/pages\/8\/revisions\/132"}],"wp:featuredmedia":[{"embeddable":true,"href":"https:\/\/www.sosed.si\/index.php?rest_route=\/wp\/v2\/media\/20"}],"wp:attachment":[{"href":"https:\/\/www.sosed.si\/index.php?rest_route=%2Fwp%2Fv2%2Fmedia&parent=8"}],"curies":[{"name":"wp","href":"https:\/\/api.w.org\/{rel}","templated":true}]}}