{"id":38,"date":"2014-08-22T23:02:15","date_gmt":"2014-08-22T23:02:15","guid":{"rendered":"http:\/\/www.sosed.si\/?page_id=38"},"modified":"2019-02-02T11:24:34","modified_gmt":"2019-02-02T10:24:34","slug":"ubuntu","status":"publish","type":"page","link":"https:\/\/www.sosed.si\/?page_id=38","title":{"rendered":"Ubuntu"},"content":{"rendered":"<p><strong>Kaj pomeni Ubuntu?<\/strong><\/p>\n<p>Ubuntu je afri\u0161ka beseda, ki pomeni \u201chumanost drugim\u201d ali \u201cJaz sem to kar sem, zaradi tega kar smo vsi\u201d. Ubuntu distribucija prina\u0161a Ubuntu duh v programski svet.<\/p>\n<p><strong>Kaj je Ubuntu?<\/strong><\/p>\n<p>Ubuntu je brezpla\u010den operacijski sistem, ki ga razvija skupnost.\u00a0Primeren je tako za prenosne in namizne ra\u010dunalnike, kot za stre\u017enike.\u00a0Najsi ga uporabljamo doma, v \u0161oli ali pri delu, Ubuntu vsebuje vse potrebno programje. Z njim lahko oblikujemo besedila, preglednice in predstavitve, poslu\u0161amo in urejamo glasbo, gledamo filme, brskamo po svetovnem spletu ali igramo ra\u010dunalni\u0161ke igre. Poleg uporabni\u0161kih programov pa Ubuntu vsebuje tudi zahtevnej\u0161a orodja za razvijalce in programerje.<\/p>\n<p><strong>Namistitev operacijskega sistema Ubuntu<\/strong><\/p>\n<p>\u010ce ste zainteresirani za operacijski program Ubuntu vam ga lahko namestimo na va\u0161em domu in vam poka\u017eemo kako se ga uporablja. \u010ce imat star ra\u010dunalnik, ki ga ve\u010d ne uporabljate, lahko z Ubuntu operacijskim sistemom ponovno za\u017eivi.<\/p>\n<p>\u0160tiri razlogi zakaj uporabljati Ubuntu operacijski sistem:<\/p>\n<p>&#8211;\u00a0\u00a0\u00a0\u00a0\u00a0\u00a0\u00a0\u00a0\u00a0 licenca je brezpla\u010dna<\/p>\n<p>&#8211;\u00a0\u00a0\u00a0\u00a0\u00a0\u00a0\u00a0\u00a0\u00a0 je stabilen, ker se sproti osve\u017euje (update)<\/p>\n<p>&#8211;\u00a0\u00a0\u00a0\u00a0\u00a0\u00a0\u00a0\u00a0\u00a0 je varen in skoraj ni potrebe po antivirusnih programih<\/p>\n<p>&#8211;\u00a0\u00a0\u00a0\u00a0\u00a0\u00a0\u00a0\u00a0\u00a0 je hiter<\/p>\n<p><strong>Cenik<\/strong>:<\/p>\n<p>Licenca Ubuntu operacijskega programa je brezpla\u010dna<\/p>\n<p>Namestitev programa na va\u0161em domu 50 EUR<\/p>\n<p>U\u010dna ura za Ubuntu operacijski sistem 30 EUR<\/p>\n","protected":false},"excerpt":{"rendered":"<p>Kaj pomeni Ubuntu? Ubuntu je afri\u0161ka beseda, ki pomeni \u201chumanost drugim\u201d ali \u201cJaz sem to kar sem, zaradi tega kar smo vsi\u201d. Ubuntu distribucija prina\u0161a Ubuntu duh v programski svet. Kaj je Ubuntu? Ubuntu je brezpla\u010den operacijski sistem, ki ga&hellip; <\/p>\n","protected":false},"author":1,"featured_media":41,"parent":36,"menu_order":6,"comment_status":"closed","ping_status":"closed","template":"","meta":[],"_links":{"self":[{"href":"https:\/\/www.sosed.si\/index.php?rest_route=\/wp\/v2\/pages\/38"}],"collection":[{"href":"https:\/\/www.sosed.si\/index.php?rest_route=\/wp\/v2\/pages"}],"about":[{"href":"https:\/\/www.sosed.si\/index.php?rest_route=\/wp\/v2\/types\/page"}],"author":[{"embeddable":true,"href":"https:\/\/www.sosed.si\/index.php?rest_route=\/wp\/v2\/users\/1"}],"replies":[{"embeddable":true,"href":"https:\/\/www.sosed.si\/index.php?rest_route=%2Fwp%2Fv2%2Fcomments&post=38"}],"version-history":[{"count":3,"href":"https:\/\/www.sosed.si\/index.php?rest_route=\/wp\/v2\/pages\/38\/revisions"}],"predecessor-version":[{"id":131,"href":"https:\/\/www.sosed.si\/index.php?rest_route=\/wp\/v2\/pages\/38\/revisions\/131"}],"up":[{"embeddable":true,"href":"https:\/\/www.sosed.si\/index.php?rest_route=\/wp\/v2\/pages\/36"}],"wp:featuredmedia":[{"embeddable":true,"href":"https:\/\/www.sosed.si\/index.php?rest_route=\/wp\/v2\/media\/41"}],"wp:attachment":[{"href":"https:\/\/www.sosed.si\/index.php?rest_route=%2Fwp%2Fv2%2Fmedia&parent=38"}],"curies":[{"name":"wp","href":"https:\/\/api.w.org\/{rel}","templated":true}]}}