{"id":36,"date":"2014-08-22T23:01:57","date_gmt":"2014-08-22T23:01:57","guid":{"rendered":"http:\/\/www.sosed.si\/?page_id=36"},"modified":"2014-08-23T01:22:40","modified_gmt":"2014-08-23T01:22:40","slug":"nase-storitve","status":"publish","type":"page","link":"https:\/\/www.sosed.si\/?page_id=36","title":{"rendered":"Storitve"},"content":{"rendered":"<p>&#8211; Ra\u010dunalni\u0161ki servis na Va\u0161em domu ali pisarni,<\/p>\n<p>&#8211; izdelava varnostne kopije Va\u0161ih podatkov,<\/p>\n<p>&#8211; zamenjava okvarjene strojne opreme, komponent,<\/p>\n<p>&#8211; namestitev operacijskega sistema in programov,<\/p>\n<p>&#8211; odstranjevanje oku\u017ebe,<\/p>\n<p>&#8211; vzpostavitev protivirusne za\u0161\u010dite ra\u010dunalnikov,<\/p>\n<p>&#8211; optimiziranje sistema za hitrej\u0161e delovanje in bolj\u0161o odzivnost,<\/p>\n<p>&#8211; strokovno svetovanje pri nakupu nove ra\u010dunalni\u0161ke opreme ali njihovi nadgradnji,<\/p>\n<p>&#8211; oddaljena pomo\u010d,<\/p>\n<p>&#8211;<span style=\"font-size: 8pt;\">telefonska tehni\u010dna pomo\u010d,<\/span><\/p>\n<p>&#8211; priskrbimo nadomestno ra\u010dunalni\u0161ko opremo v \u010dasu servisiranja.<\/p>\n","protected":false},"excerpt":{"rendered":"<p>&#8211; Ra\u010dunalni\u0161ki servis na Va\u0161em domu ali pisarni, &#8211; izdelava varnostne kopije Va\u0161ih podatkov, &#8211; zamenjava okvarjene strojne opreme, komponent, &#8211; namestitev operacijskega sistema in programov, &#8211; odstranjevanje oku\u017ebe, &#8211; vzpostavitev protivirusne za\u0161\u010dite ra\u010dunalnikov, &#8211; optimiziranje sistema za hitrej\u0161e delovanje&hellip; <\/p>\n","protected":false},"author":1,"featured_media":50,"parent":0,"menu_order":3,"comment_status":"closed","ping_status":"closed","template":"","meta":[],"_links":{"self":[{"href":"https:\/\/www.sosed.si\/index.php?rest_route=\/wp\/v2\/pages\/36"}],"collection":[{"href":"https:\/\/www.sosed.si\/index.php?rest_route=\/wp\/v2\/pages"}],"about":[{"href":"https:\/\/www.sosed.si\/index.php?rest_route=\/wp\/v2\/types\/page"}],"author":[{"embeddable":true,"href":"https:\/\/www.sosed.si\/index.php?rest_route=\/wp\/v2\/users\/1"}],"replies":[{"embeddable":true,"href":"https:\/\/www.sosed.si\/index.php?rest_route=%2Fwp%2Fv2%2Fcomments&post=36"}],"version-history":[{"count":5,"href":"https:\/\/www.sosed.si\/index.php?rest_route=\/wp\/v2\/pages\/36\/revisions"}],"predecessor-version":[{"id":56,"href":"https:\/\/www.sosed.si\/index.php?rest_route=\/wp\/v2\/pages\/36\/revisions\/56"}],"wp:featuredmedia":[{"embeddable":true,"href":"https:\/\/www.sosed.si\/index.php?rest_route=\/wp\/v2\/media\/50"}],"wp:attachment":[{"href":"https:\/\/www.sosed.si\/index.php?rest_route=%2Fwp%2Fv2%2Fmedia&parent=36"}],"curies":[{"name":"wp","href":"https:\/\/api.w.org\/{rel}","templated":true}]}}